{"id":548,"date":"2026-04-22T12:42:58","date_gmt":"2026-04-22T10:42:58","guid":{"rendered":"https:\/\/tonivodisek.click.si\/?page_id=548"},"modified":"2026-04-22T12:56:12","modified_gmt":"2026-04-22T10:56:12","slug":"legal-notice","status":"publish","type":"page","link":"https:\/\/tonivodisek.com\/sl\/legal-notice\/","title":{"rendered":"Pravno obvestilo"},"content":{"rendered":"<div data-elementor-type=\"wp-page\" data-elementor-id=\"548\" class=\"elementor elementor-548\" data-elementor-post-type=\"page\">\n\t\t\t\t<div class=\"elementor-element elementor-element-4797e0e e-flex e-con-boxed e-con e-parent\" data-id=\"4797e0e\" data-element_type=\"container\" data-e-type=\"container\" data-settings=\"{&quot;background_background&quot;:&quot;classic&quot;}\">\n\t\t\t\t\t<div class=\"e-con-inner\">\n\t\t\t\t\t<\/div>\n\t\t\t\t<\/div>\n\t\t<div class=\"elementor-element elementor-element-6188dee e-flex e-con-boxed e-con e-parent\" data-id=\"6188dee\" data-element_type=\"container\" data-e-type=\"container\">\n\t\t\t\t\t<div class=\"e-con-inner\">\n\t\t\t\t<div class=\"elementor-element elementor-element-8b72070 elementor-widget elementor-widget-text-editor\" data-id=\"8b72070\" data-element_type=\"widget\" data-e-type=\"widget\" data-widget_type=\"text-editor.default\">\n\t\t\t\t\t<style>.elementor-element-8b72070{display:none !important}<\/style>\t\t\t\t<\/div>\n\t\t\t\t<div class=\"elementor-element elementor-element-2988c84 elementor-widget elementor-widget-text-editor\" data-id=\"2988c84\" data-element_type=\"widget\" data-e-type=\"widget\" data-widget_type=\"text-editor.default\">\n\t\t\t\t\t\t\t\t\t<p>Predmet tega obvestila je spletna stran na naslovu <a href=\"https:\/\/tonivodisek.com\/sl\/.\/\" target=\"_blank\" rel=\"noopener\"><span style=\"text-decoration: underline;\">https:\/\/tonivodisek.com\/.<\/span><\/a><\/p><p>Vse vsebine na tej spletni strani so last Tonija Vodi\u0161ka in so informativne narave.\u00a0<\/p><p>Za Tonija Vodi\u0161ka smo oblikovali spletno mesto z namenom omogo\u010diti splo\u0161ne informacije o podjetju in novice s poslovnega sveta.<\/p><p>Vstop v katerokoli podro\u010dje spletnega mesta Toni Vodi\u0161ek pomeni, da se strinjate z vsemi omejitvami in pogoji, navedenimi tukaj. \u010ce se z njimi ne strinjate, vas prosimo, da na te strani ne vstopate. Svetujemo vam, da obi\u0161\u010dete na\u0161o stran in ponovno pregledate veljavne pogoje uporabe, saj so ti pravno obvezujo\u010di.<\/p><p>Uradne, pravno-formalne informacije o podjetju ter o poslovanju podjetja se lahko razlikujejo od informacij na spletnem mestu.<\/p><h4><strong><br \/>Omejitev odgovornosti<\/strong><\/h4><p>Toni Vodi\u0161ek se bo po najbolj\u0161ih mo\u010deh trudil zagotavljati najbolj to\u010dne in najnovej\u0161e podatke na svojih straneh, vendar uporabnike spletnih strani opozarja, da so besedila informativnega zna\u010daja, zato ne jam\u010di in ne prevzema nobene odgovornosti za njihovo to\u010dnost in celovitost strani. Vsi obiskovalci objavljeno vsebino uporabljajo na lastno odgovornost. Toni Vodi\u0161ek si pridr\u017euje pravico, da kadarkoli, brez obvestila spremeni, dodaja ali odstrani vsebino teh spletnih strani.<\/p><p>Niti Toni Vodi\u0161ek niti katerakoli druga pravna ali fizi\u010dna oseba, ki je sodelovala pri nastanku in izdelavi teh spletnih strani, ni odgovorna za ob\u010dasno nedelovanje strani, za morebitno neto\u010dnost informacij in tudi ne za morebitno \u0161kodo, nastalo zaradi uporabe neto\u010dnih ali nepopolnih informacij, zato ne odgovarja za nobeno \u0161kodo ali neprijetnosti, ki bi izhajale iz obstoja spletnih strani, iz dostopa do in\/ali uporabe in\/ali nezmo\u017enosti uporabe informacij na teh spletnih straneh in\/ali za kakr\u0161ne koli napake ali pomanjkljivosti v njihovi vsebini, ne glede na to, ali so bili obve\u0161\u010deni o mo\u017enosti take \u0161kode.<\/p><p>Na spletni strani Toni Vodi\u0161ek so tudi povezave na druge spletne strani, reference in partnerje, ki niso povezani z nami. Toni Vodi\u0161ek ne more jam\u010diti za to\u010dnost vsebin na teh straneh, prav tako ne prejemati ali posredovati prito\u017eb v zvezi z njimi, in ne prevzema nobene odgovornosti za za\u0161\u010dito podatkov na teh spletnih straneh.<\/p><h4>\u00a0<\/h4><h4><strong>Avtorske pravice<\/strong><\/h4><p>Vse informacije in podobe, objavljene na spletnem mestu (besedila, fotografije, skice, zemljevidi in na\u010drti, ra\u010dunalni\u0161ki programi) so predmet avtorske za\u0161\u010dite po Zakonu o avtorski in sorodnih pravicah (Uradni list RS, \u0161t. 21\/1995 s spremembami). Uporabljajo se lahko izklju\u010dno za izobra\u017eevalne in nekomercialne namene, pri \u010demer se morajo ohraniti tudi vsa navedena opozorila o avtorski ali drugih pravicah in se ne smejo prepisovati, razmno\u017eevati ali kako druga\u010de raz\u0161irjati v komercialne namene. Na vsaki reprodukciji (kopiranje, reprodukcija, objava, prenos) mora biti kot vir naveden Toni Vodi\u0161ek.<\/p><p>Toni Vodi\u0161ek si pridr\u017euje pravico, da kadar koli in kakor koli, delno ali v celoti spremeni, dodaja ali odstrani vsebine, objavljene na tej spletni strani, ne glede na razlog ter brez predhodnega opozorila. Vsi uporabniki vso objavljeno vsebino uporabljajo na lastno odgovornost.<\/p><h4>\u00a0<\/h4><h4><strong>Varovanje zasebnosti<\/strong><\/h4><p>Toni Vodi\u0161ek se zavezuje, da bo varoval zaupnost osebnih podatkov uporabnikov spletnega mesta. Zbrane podatke bomo uporabili izklju\u010dno za izbolj\u0161anje uporabe spletnega mesta in za namene, za katere jih bodo dali uporabniki spletnega mesta. Osebnih podatkov in kontaktnih informacij ne bomo uporabljali za druge namene ter jih ne bomo brez izrecnega dovoljenja uporabnika spletnega mesta razkrili tretjim strankam. Storili bomo vse, da va\u0161e osebne podatke za\u0161\u010ditimo pred kakr\u0161nimikoli kr\u0161itvami in zlorabami.<\/p>\t\t\t\t\t\t\t\t<\/div>\n\t\t\t\t\t<\/div>\n\t\t\t\t<\/div>\n\t\t\t\t<\/div>","protected":false},"excerpt":{"rendered":"<p>The subject of this notice is the website https:\/\/tonivodisek.com\/. All content on this website is the property of Toni Vodi\u0161ek and is for informational purposes only. We designed our website to provide general information about the company and news from the business world. By accessing any area of \u200b\u200bthe Toni Vodi\u0161ek website, you agree to [&hellip;]<\/p>\n","protected":false},"author":1,"featured_media":0,"parent":0,"menu_order":0,"comment_status":"closed","ping_status":"closed","template":"","meta":{"_acf_changed":false,"inline_featured_image":false,"_monsterinsights_skip_tracking":false,"_monsterinsights_sitenote_active":false,"_monsterinsights_sitenote_note":"","_monsterinsights_sitenote_category":0,"footnotes":""},"class_list":["post-548","page","type-page","status-publish","hentry"],"acf":[],"aioseo_notices":[],"_links":{"self":[{"href":"https:\/\/tonivodisek.com\/sl\/wp-json\/wp\/v2\/pages\/548","targetHints":{"allow":["GET"]}}],"collection":[{"href":"https:\/\/tonivodisek.com\/sl\/wp-json\/wp\/v2\/pages"}],"about":[{"href":"https:\/\/tonivodisek.com\/sl\/wp-json\/wp\/v2\/types\/page"}],"author":[{"embeddable":true,"href":"https:\/\/tonivodisek.com\/sl\/wp-json\/wp\/v2\/users\/1"}],"replies":[{"embeddable":true,"href":"https:\/\/tonivodisek.com\/sl\/wp-json\/wp\/v2\/comments?post=548"}],"version-history":[{"count":22,"href":"https:\/\/tonivodisek.com\/sl\/wp-json\/wp\/v2\/pages\/548\/revisions"}],"predecessor-version":[{"id":571,"href":"https:\/\/tonivodisek.com\/sl\/wp-json\/wp\/v2\/pages\/548\/revisions\/571"}],"wp:attachment":[{"href":"https:\/\/tonivodisek.com\/sl\/wp-json\/wp\/v2\/media?parent=548"}],"curies":[{"name":"wp","href":"https:\/\/api.w.org\/{rel}","templated":true}]}}